{"id":34,"date":"2021-02-02T09:59:44","date_gmt":"2021-02-02T08:59:44","guid":{"rendered":"http:\/\/automociolluis.com\/?page_id=34"},"modified":"2021-02-02T10:04:31","modified_gmt":"2021-02-02T09:04:31","slug":"automocio-lluis-s-l","status":"publish","type":"page","link":"https:\/\/automociolluis.com\/","title":{"rendered":"Automoci\u00f3 Llu\u00eds, S.L."},"content":{"rendered":"\n<figure class=\"wp-block-image size-large is-resized\"><img loading=\"lazy\" decoding=\"async\" src=\"http:\/\/automociolluis.com\/wp-content\/uploads\/2021\/02\/foto-taller_1.png\" alt=\"\" class=\"wp-image-35\" width=\"838\" height=\"312\" srcset=\"https:\/\/automociolluis.com\/wp-content\/uploads\/2021\/02\/foto-taller_1.png 843w, https:\/\/automociolluis.com\/wp-content\/uploads\/2021\/02\/foto-taller_1-300x112.png 300w, https:\/\/automociolluis.com\/wp-content\/uploads\/2021\/02\/foto-taller_1-768x286.png 768w\" sizes=\"auto, (max-width: 838px) 100vw, 838px\" \/><\/figure>\n\n\n\n<p>Taller mec\u00e0nic, cotxes, motos, camions, bicicletes, etc<\/p>\n\n\n\n<p>Taller especialitzat en mec\u00e0nica, planxa i pintura.<\/p>\n\n\n\n<p>M\u00e9s de 25 anys d&#8217;experi\u00e8ncia.<\/p>\n\n\n\n<p>Canvi de llunes de cotxes, per asseguradores.<\/p>\n\n\n\n<p>Descomptes especials i promocions mensuals.<\/p>\n\n\n\n<ul class=\"wp-block-list\"><li>Vehicles de cortesia<\/li><li>Pressupost sense comprom\u00eds<\/li><li>Ofertes especials<\/li><\/ul>\n\n\n\n<div class=\"wp-block-columns is-layout-flex wp-container-core-columns-is-layout-9d6595d7 wp-block-columns-is-layout-flex\">\n<div class=\"wp-block-column is-layout-flow wp-block-column-is-layout-flow\" style=\"flex-basis:100%\">\n<div class=\"wp-block-webfactory-map\"><div class=\"wp-block-webfactory-map\"><iframe loading=\"lazy\" width=\"100%\" height=\"300px\" src=\"https:\/\/www.google.com\/maps\/embed\/v1\/place?q=Automoci%C3%B3%20Lluis&amp;maptype=roadmap&amp;zoom=17&amp;key=AIzaSyAjyDspiPfzEfjRSS5fQzm-3jHFjHxeXB4\" frameborder=\"0\"><\/iframe><\/div><\/div>\n<\/div>\n<\/div>\n\n\n\n<figure class=\"wp-block-pullquote alignfull is-style-solid-color\"><blockquote><p>Adre\u00e7a: Avda. La Selva, 2 (17170) AMER (Girona)<\/p><p>Contacte: Tel\u00e8fon 972 43 00 13 | Fax 972 43 05 89 | M\u00f3bil: 620 54 73 23<\/p><p>E-Mail: automociolluis@gmail.com<\/p><\/blockquote><\/figure>\n","protected":false},"excerpt":{"rendered":"<p>Taller mec\u00e0nic, cotxes, motos, camions, bicicletes, etc Taller especialitzat en mec\u00e0nica, planxa i pintura. M\u00e9s de 25 anys d&#8217;experi\u00e8ncia. Canvi de llunes de cotxes, per asseguradores. Descomptes especials i promocions mensuals. Vehicles de cortesia Pressupost sense comprom\u00eds Ofertes especials Adre\u00e7a: Avda. La Selva, 2 (17170) AMER (Girona) Contacte: Tel\u00e8fon 972 43 00 13 | Fax [&hellip;]<\/p>\n","protected":false},"author":1,"featured_media":0,"parent":0,"menu_order":0,"comment_status":"closed","ping_status":"closed","template":"","meta":{"footnotes":""},"class_list":["post-34","page","type-page","status-publish","hentry","entry"],"_links":{"self":[{"href":"https:\/\/automociolluis.com\/index.php?rest_route=\/wp\/v2\/pages\/34","targetHints":{"allow":["GET"]}}],"collection":[{"href":"https:\/\/automociolluis.com\/index.php?rest_route=\/wp\/v2\/pages"}],"about":[{"href":"https:\/\/automociolluis.com\/index.php?rest_route=\/wp\/v2\/types\/page"}],"author":[{"embeddable":true,"href":"https:\/\/automociolluis.com\/index.php?rest_route=\/wp\/v2\/users\/1"}],"replies":[{"embeddable":true,"href":"https:\/\/automociolluis.com\/index.php?rest_route=%2Fwp%2Fv2%2Fcomments&post=34"}],"version-history":[{"count":4,"href":"https:\/\/automociolluis.com\/index.php?rest_route=\/wp\/v2\/pages\/34\/revisions"}],"predecessor-version":[{"id":41,"href":"https:\/\/automociolluis.com\/index.php?rest_route=\/wp\/v2\/pages\/34\/revisions\/41"}],"wp:attachment":[{"href":"https:\/\/automociolluis.com\/index.php?rest_route=%2Fwp%2Fv2%2Fmedia&parent=34"}],"curies":[{"name":"wp","href":"https:\/\/api.w.org\/{rel}","templated":true}]}}